{"id":2,"date":"2008-08-27T23:06:42","date_gmt":"2008-08-27T22:06:42","guid":{"rendered":"http:\/\/www.asavar.net\/blog\/?page_id=2"},"modified":"2024-02-24T16:16:25","modified_gmt":"2024-02-24T15:16:25","slug":"a-propos-du-vide-grenier","status":"publish","type":"page","link":"https:\/\/www.asavar.net\/blog\/a-propos-du-vide-grenier\/","title":{"rendered":"Vide Grenier : A Propos"},"content":{"rendered":"<h3>Et voici l&rsquo;\u00e0 propos du Vide Grenier d&rsquo;Asavar<\/h3>\n<p>Vous \u00eates dans le vide grenier d&rsquo;Asavar. Virtuel mais semblable \u00e0 un v\u00e9ritable vide grenier et un espace pour dire et partager ce qui est et ce qui passe dans ma t\u00eate&#8230;<\/p>\n<p>Il y a quelques (beaucoup&#8230;) ann\u00e9es, afin d&rsquo;exp\u00e9rimenter la technologie Web , je me suis d\u00e9cid\u00e9 \u00e0 tenter la cr\u00e9ation d&rsquo;un site. Mais que mettre en ligne ?<br \/>\nJ&rsquo;ai alors d\u00e9cid\u00e9 de satisfaire \u00e0 la mode grandissante <a href=\"https:\/\/fr.wikipedia.org\/wiki\/Vide-greniers\">des vides greniers<\/a>. Celui ci \u00e9tant virtuel, il contiendra les divers \u00e9l\u00e9ments poussi\u00e9reux (ou pas) contenus dans mes souvenirs de familles, mes ballades virtuelles ou non, et mes coups de coeurs anciens ou r\u00e9cents.<br \/>\nVous le verrez rapidement mes gouts me poussent plus vers l&rsquo;ancien que vers le moderne quoique je m\u00e9lange avec d\u00e9lectation G\u00e9n\u00e9alogie et Technologie.<\/p>\n<h4><span style=\"text-decoration: underline;\"><b>La D\u00e9finition Wikip\u00e9dia :<\/b><\/span><\/h4>\n<p>Le vide-grenier est un rassemblement populaire dans les villages (voir village). Les gens sortent les vielles affaires de leur grenier dans la rue (d&rsquo;ou le nom VIDE GRENIER).<br \/>\nN&rsquo;importe qui peut alors visiter le village et acheter aux gens leurs affaires. On peut trouver des vieux vetements, des livres usagers et beaucoup de vaiselle. Il y a egalement des meubles en plus ou moins bon etat. Lorsque la journ\u00e9e est termin\u00e9e, les acheteurs repartent avec leurs trouvailles et les villageois remettent leurs affaires dans leur grenier jusqu&rsquo;a l&rsquo;annee suivante.<br \/>\nIl y a des vides greniers un peu partout en france.<\/p>\n<p>Les foire \u00e0 tout sont comme les vide-grenier mais au lieu de vider des greniers les vendeurs ammenent les affaires qu&rsquo;ils veulent proposer au client. On peut trouver plus de choses, comme des cochons, des magazines, des vetements neufs.<br \/>\nAu Qu\u00e9bec, c&rsquo;est nomm\u00e9 Vente de garage.<\/p>\n<p><a href=\"https:\/\/www.asavar.net\/blog\/wp-content\/uploads\/2008\/09\/asavar.jpg\"><img loading=\"lazy\" decoding=\"async\" class=\"alignleft wp-image-12 size-full\" title=\"Asavar\" src=\"https:\/\/www.asavar.net\/blog\/wp-content\/uploads\/2008\/09\/asavar.jpg\" alt=\"Vide Grenier et Asavar : C'est son look actuel\" width=\"100\" height=\"128\"><\/a><\/p>\n<p><b>Qui est Asavar<\/b> ?<\/p>\n<p>Asavar \u00e9tait, lors de sa grande \u00e9poque mon avatar dans SecondLife. Je pense que dans les ann\u00e9es \u00e0 venir chacun d&rsquo;entre nous aura deux identit\u00e9s \u00e0 g\u00e9rer. L&rsquo;une sera&nbsp; une identit\u00e9 r\u00e9elle et l&rsquo;autre une identit\u00e9 virtuelle.<\/p>\n<p>Asavar est donc mon identit\u00e9 virtuelle, il me sert \u00e0 \u00eatre pr\u00e9sent dans des univers virtuels, mais aussi dans certaines communaut\u00e9s.<\/p>\n<p>Je vais donc profiter de ce blog pour m&rsquo;essayer \u00e0 la cohabitation des identit\u00e9s sans parvenir \u00e0 une schizophr\u00e9nie incontr\u00f4l\u00e9e.<\/p>\n<h4><b>Qu&rsquo;y trouvera t on ?<\/b><\/h4>\n<p><a href=\"https:\/\/www.asavar.net\/blog\/category\/genealogie\/\"> <b>Une cat\u00e9gorie G\u00e9n\u00e9alogie <\/b><\/a><\/p>\n<p>Objectif : partager avec vous mon go\u00fbt et mes avanc\u00e9es dans le cadre de l&rsquo;histoire de la famille<\/p>\n<p><a href=\"https:\/\/www.asavar.net\/blog\/category\/technologie\/\"><b>Une cat\u00e9gorie autour de la technologie et de la domotique<\/b><\/a>.<\/p>\n<p>Objectif :partager mes d\u00e9couvertes et r\u00e9alisations autour du soho et de la domotique.<\/p>\n<p><b>En vrac : Lectures, photos, ballades&#8230; <\/b><\/p>\n","protected":false},"excerpt":{"rendered":"<p>Et voici l&rsquo;\u00e0 propos du Vide Grenier d&rsquo;Asavar Vous \u00eates dans le vide grenier d&rsquo;Asavar. Virtuel mais semblable \u00e0 un v\u00e9ritable vide grenier et un espace pour dire et partager ce qui est et ce qui passe dans ma t\u00eate&#8230;&hellip; <a href=\"https:\/\/www.asavar.net\/blog\/a-propos-du-vide-grenier\/\" class=\"more-link\">Continuer la lecture <span class=\"meta-nav\">&rarr;<\/span><\/a><\/p>\n","protected":false},"author":2,"featured_media":0,"parent":0,"menu_order":0,"comment_status":"closed","ping_status":"closed","template":"","meta":{"ngg_post_thumbnail":0,"jetpack_post_was_ever_published":false,"footnotes":""},"class_list":["post-2","page","type-page","status-publish","hentry"],"yoast_head":"<!-- This site is optimized with the Yoast SEO plugin v26.4 - https:\/\/yoast.com\/wordpress\/plugins\/seo\/ -->\n<title>Vide Grenier d&#039;Asavar : C&#039;est quoi ? Ca sert \u00e0 quoi ?<\/title>\n<meta name=\"description\" content=\"Qui suis je ? Pourquoi le nom vide grenier ? . Baladez vous dans le site et picorez ce qui vous interesse ... Vieilleries et Geekeries pour tout le monde !\" \/>\n<meta name=\"robots\" content=\"index, follow, max-snippet:-1, max-image-preview:large, max-video-preview:-1\" \/>\n<link rel=\"canonical\" href=\"https:\/\/www.asavar.net\/blog\/a-propos-du-vide-grenier\/\" \/>\n<meta property=\"og:locale\" content=\"fr_FR\" \/>\n<meta property=\"og:type\" content=\"article\" \/>\n<meta property=\"og:title\" content=\"Vide Grenier d&#039;Asavar : C&#039;est quoi ? Ca sert \u00e0 quoi ?\" \/>\n<meta property=\"og:description\" content=\"Qui suis je ? Pourquoi le nom vide grenier ? . Baladez vous dans le site et picorez ce qui vous interesse ... Vieilleries et Geekeries pour tout le monde !\" \/>\n<meta property=\"og:url\" content=\"https:\/\/www.asavar.net\/blog\/a-propos-du-vide-grenier\/\" \/>\n<meta property=\"og:site_name\" content=\"Le vide-grenier d&#039;Asavar\" \/>\n<meta property=\"article:modified_time\" content=\"2024-02-24T15:16:25+00:00\" \/>\n<meta property=\"og:image\" content=\"https:\/\/www.asavar.net\/blog\/wp-content\/uploads\/2008\/09\/asavar.jpg\" \/>\n<meta name=\"twitter:card\" content=\"summary_large_image\" \/>\n<meta name=\"twitter:site\" content=\"@vmarty\" \/>\n<meta name=\"twitter:label1\" content=\"Dur\u00e9e de lecture estim\u00e9e\" \/>\n\t<meta name=\"twitter:data1\" content=\"2 minutes\" \/>\n<script type=\"application\/ld+json\" class=\"yoast-schema-graph\">{\"@context\":\"https:\/\/schema.org\",\"@graph\":[{\"@type\":\"WebPage\",\"@id\":\"https:\/\/www.asavar.net\/blog\/a-propos-du-vide-grenier\/\",\"url\":\"https:\/\/www.asavar.net\/blog\/a-propos-du-vide-grenier\/\",\"name\":\"Vide Grenier d'Asavar : C'est quoi ? Ca sert \u00e0 quoi ?\",\"isPartOf\":{\"@id\":\"https:\/\/www.asavar.net\/blog\/#website\"},\"primaryImageOfPage\":{\"@id\":\"https:\/\/www.asavar.net\/blog\/a-propos-du-vide-grenier\/#primaryimage\"},\"image\":{\"@id\":\"https:\/\/www.asavar.net\/blog\/a-propos-du-vide-grenier\/#primaryimage\"},\"thumbnailUrl\":\"https:\/\/www.asavar.net\/blog\/wp-content\/uploads\/2008\/09\/asavar.jpg\",\"datePublished\":\"2008-08-27T22:06:42+00:00\",\"dateModified\":\"2024-02-24T15:16:25+00:00\",\"description\":\"Qui suis je ? Pourquoi le nom vide grenier ? . Baladez vous dans le site et picorez ce qui vous interesse ... Vieilleries et Geekeries pour tout le monde !\",\"inLanguage\":\"fr-FR\",\"potentialAction\":[{\"@type\":\"ReadAction\",\"target\":[\"https:\/\/www.asavar.net\/blog\/a-propos-du-vide-grenier\/\"]}]},{\"@type\":\"ImageObject\",\"inLanguage\":\"fr-FR\",\"@id\":\"https:\/\/www.asavar.net\/blog\/a-propos-du-vide-grenier\/#primaryimage\",\"url\":\"https:\/\/www.asavar.net\/blog\/wp-content\/uploads\/2008\/09\/asavar.jpg\",\"contentUrl\":\"https:\/\/www.asavar.net\/blog\/wp-content\/uploads\/2008\/09\/asavar.jpg\",\"width\":\"100\",\"height\":\"128\",\"caption\":\"C'est son look actuel\"},{\"@type\":\"WebSite\",\"@id\":\"https:\/\/www.asavar.net\/blog\/#website\",\"url\":\"https:\/\/www.asavar.net\/blog\/\",\"name\":\"Le vide-grenier d&#039;Asavar\",\"description\":\"Virtuel mais pas forc\u00e9ment poussi\u00e9reux\",\"publisher\":{\"@id\":\"https:\/\/www.asavar.net\/blog\/#\/schema\/person\/1dac85d1f2ae9333ccd3fd359d1bf303\"},\"potentialAction\":[{\"@type\":\"SearchAction\",\"target\":{\"@type\":\"EntryPoint\",\"urlTemplate\":\"https:\/\/www.asavar.net\/blog\/?s={search_term_string}\"},\"query-input\":{\"@type\":\"PropertyValueSpecification\",\"valueRequired\":true,\"valueName\":\"search_term_string\"}}],\"inLanguage\":\"fr-FR\"},{\"@type\":[\"Person\",\"Organization\"],\"@id\":\"https:\/\/www.asavar.net\/blog\/#\/schema\/person\/1dac85d1f2ae9333ccd3fd359d1bf303\",\"name\":\"Asavar\",\"image\":{\"@type\":\"ImageObject\",\"inLanguage\":\"fr-FR\",\"@id\":\"https:\/\/www.asavar.net\/blog\/#\/schema\/person\/image\/\",\"url\":\"https:\/\/secure.gravatar.com\/avatar\/417bd47d3e1676e2b0d7c39b2ef87304659819698adabc98296ebe9b659a0e21?s=96&d=wavatar&r=g\",\"contentUrl\":\"https:\/\/secure.gravatar.com\/avatar\/417bd47d3e1676e2b0d7c39b2ef87304659819698adabc98296ebe9b659a0e21?s=96&d=wavatar&r=g\",\"caption\":\"Asavar\"},\"logo\":{\"@id\":\"https:\/\/www.asavar.net\/blog\/#\/schema\/person\/image\/\"},\"sameAs\":[\"http:\/\/www.asavar.net\"]}]}<\/script>\n<!-- \/ Yoast SEO plugin. -->","yoast_head_json":{"title":"Vide Grenier d'Asavar : C'est quoi ? Ca sert \u00e0 quoi ?","description":"Qui suis je ? Pourquoi le nom vide grenier ? . Baladez vous dans le site et picorez ce qui vous interesse ... Vieilleries et Geekeries pour tout le monde !","robots":{"index":"index","follow":"follow","max-snippet":"max-snippet:-1","max-image-preview":"max-image-preview:large","max-video-preview":"max-video-preview:-1"},"canonical":"https:\/\/www.asavar.net\/blog\/a-propos-du-vide-grenier\/","og_locale":"fr_FR","og_type":"article","og_title":"Vide Grenier d'Asavar : C'est quoi ? Ca sert \u00e0 quoi ?","og_description":"Qui suis je ? Pourquoi le nom vide grenier ? . Baladez vous dans le site et picorez ce qui vous interesse ... Vieilleries et Geekeries pour tout le monde !","og_url":"https:\/\/www.asavar.net\/blog\/a-propos-du-vide-grenier\/","og_site_name":"Le vide-grenier d&#039;Asavar","article_modified_time":"2024-02-24T15:16:25+00:00","og_image":[{"url":"https:\/\/www.asavar.net\/blog\/wp-content\/uploads\/2008\/09\/asavar.jpg","type":"","width":"","height":""}],"twitter_card":"summary_large_image","twitter_site":"@vmarty","twitter_misc":{"Dur\u00e9e de lecture estim\u00e9e":"2 minutes"},"schema":{"@context":"https:\/\/schema.org","@graph":[{"@type":"WebPage","@id":"https:\/\/www.asavar.net\/blog\/a-propos-du-vide-grenier\/","url":"https:\/\/www.asavar.net\/blog\/a-propos-du-vide-grenier\/","name":"Vide Grenier d'Asavar : C'est quoi ? Ca sert \u00e0 quoi ?","isPartOf":{"@id":"https:\/\/www.asavar.net\/blog\/#website"},"primaryImageOfPage":{"@id":"https:\/\/www.asavar.net\/blog\/a-propos-du-vide-grenier\/#primaryimage"},"image":{"@id":"https:\/\/www.asavar.net\/blog\/a-propos-du-vide-grenier\/#primaryimage"},"thumbnailUrl":"https:\/\/www.asavar.net\/blog\/wp-content\/uploads\/2008\/09\/asavar.jpg","datePublished":"2008-08-27T22:06:42+00:00","dateModified":"2024-02-24T15:16:25+00:00","description":"Qui suis je ? Pourquoi le nom vide grenier ? . Baladez vous dans le site et picorez ce qui vous interesse ... Vieilleries et Geekeries pour tout le monde !","inLanguage":"fr-FR","potentialAction":[{"@type":"ReadAction","target":["https:\/\/www.asavar.net\/blog\/a-propos-du-vide-grenier\/"]}]},{"@type":"ImageObject","inLanguage":"fr-FR","@id":"https:\/\/www.asavar.net\/blog\/a-propos-du-vide-grenier\/#primaryimage","url":"https:\/\/www.asavar.net\/blog\/wp-content\/uploads\/2008\/09\/asavar.jpg","contentUrl":"https:\/\/www.asavar.net\/blog\/wp-content\/uploads\/2008\/09\/asavar.jpg","width":"100","height":"128","caption":"C'est son look actuel"},{"@type":"WebSite","@id":"https:\/\/www.asavar.net\/blog\/#website","url":"https:\/\/www.asavar.net\/blog\/","name":"Le vide-grenier d&#039;Asavar","description":"Virtuel mais pas forc\u00e9ment poussi\u00e9reux","publisher":{"@id":"https:\/\/www.asavar.net\/blog\/#\/schema\/person\/1dac85d1f2ae9333ccd3fd359d1bf303"},"potentialAction":[{"@type":"SearchAction","target":{"@type":"EntryPoint","urlTemplate":"https:\/\/www.asavar.net\/blog\/?s={search_term_string}"},"query-input":{"@type":"PropertyValueSpecification","valueRequired":true,"valueName":"search_term_string"}}],"inLanguage":"fr-FR"},{"@type":["Person","Organization"],"@id":"https:\/\/www.asavar.net\/blog\/#\/schema\/person\/1dac85d1f2ae9333ccd3fd359d1bf303","name":"Asavar","image":{"@type":"ImageObject","inLanguage":"fr-FR","@id":"https:\/\/www.asavar.net\/blog\/#\/schema\/person\/image\/","url":"https:\/\/secure.gravatar.com\/avatar\/417bd47d3e1676e2b0d7c39b2ef87304659819698adabc98296ebe9b659a0e21?s=96&d=wavatar&r=g","contentUrl":"https:\/\/secure.gravatar.com\/avatar\/417bd47d3e1676e2b0d7c39b2ef87304659819698adabc98296ebe9b659a0e21?s=96&d=wavatar&r=g","caption":"Asavar"},"logo":{"@id":"https:\/\/www.asavar.net\/blog\/#\/schema\/person\/image\/"},"sameAs":["http:\/\/www.asavar.net"]}]}},"jetpack_shortlink":"https:\/\/wp.me\/PkpG2-2","jetpack_likes_enabled":true,"jetpack-related-posts":[],"jetpack_sharing_enabled":true,"_links":{"self":[{"href":"https:\/\/www.asavar.net\/blog\/wp-json\/wp\/v2\/pages\/2","targetHints":{"allow":["GET"]}}],"collection":[{"href":"https:\/\/www.asavar.net\/blog\/wp-json\/wp\/v2\/pages"}],"about":[{"href":"https:\/\/www.asavar.net\/blog\/wp-json\/wp\/v2\/types\/page"}],"author":[{"embeddable":true,"href":"https:\/\/www.asavar.net\/blog\/wp-json\/wp\/v2\/users\/2"}],"replies":[{"embeddable":true,"href":"https:\/\/www.asavar.net\/blog\/wp-json\/wp\/v2\/comments?post=2"}],"version-history":[{"count":20,"href":"https:\/\/www.asavar.net\/blog\/wp-json\/wp\/v2\/pages\/2\/revisions"}],"predecessor-version":[{"id":3327,"href":"https:\/\/www.asavar.net\/blog\/wp-json\/wp\/v2\/pages\/2\/revisions\/3327"}],"wp:attachment":[{"href":"https:\/\/www.asavar.net\/blog\/wp-json\/wp\/v2\/media?parent=2"}],"curies":[{"name":"wp","href":"https:\/\/api.w.org\/{rel}","templated":true}]}}